{"id":16,"date":"2016-09-03T23:55:53","date_gmt":"2016-09-03T23:55:53","guid":{"rendered":"http:\/\/localhost\/wordpress\/?page_id=2"},"modified":"2016-11-06T14:27:56","modified_gmt":"2016-11-06T14:27:56","slug":"historia","status":"publish","type":"page","link":"https:\/\/fruvegaura.pe\/en\/historia\/","title":{"rendered":"Historia"},"content":{"rendered":"<p><\/p>\n<blockquote><p><em>Empresa Peruana formada en el a\u00f1o 2014 por la necesidad de suplir con materias primas de alta calidad agron\u00f3mica y con par\u00e1metros de respeto al medio ambiente, as\u00ed como de control del uso de plaguicidas (LMR) en las operacones agr\u00edcolas de diversas materias primas para uso industrial de alimentos, bebidas y colorantes.<\/em><\/p>\n<p><em>La empresa nace produciendo y comercializando sandias\u00a0frescas para la industria e \u00a0investigando en <strong>zanahorias negras, camotes morados, papas negras, huito, achiote y guayusa<\/strong>.<\/em><\/p>\n<p><em>A d\u00eda de hoy se encuentra produciendo sandias de calidad exportable en fresco y procesado, cercana a liberar un clon de camote morado y un clon de papa negra, as\u00ed como en la siembra de zanahorias negras y achiote en campos industriales.<\/em><\/p><\/blockquote>\n<p>&nbsp;<br \/>\n<\/p>","protected":false},"excerpt":{"rendered":"<p>Empresa Peruana formada en el a\u00f1o 2014 por la necesidad de suplir con materias primas de alta calidad agron\u00f3mica y con par\u00e1metros de respeto al medio ambiente, as\u00ed como de control del uso de plaguicidas (LMR) en las operacones agr\u00edcolas de diversas materias primas para uso industrial de alimentos, bebidas y colorantes. La empresa nace <a class=\"read-more\" href=\"https:\/\/fruvegaura.pe\/en\/historia\/\">Read More<\/a><\/p>\n","protected":false},"author":1,"featured_media":0,"parent":0,"menu_order":0,"comment_status":"closed","ping_status":"open","template":"","meta":{"footnotes":""},"class_list":["post-16","page","type-page","status-publish","hentry"],"_links":{"self":[{"href":"https:\/\/fruvegaura.pe\/en\/wp-json\/wp\/v2\/pages\/16","targetHints":{"allow":["GET"]}}],"collection":[{"href":"https:\/\/fruvegaura.pe\/en\/wp-json\/wp\/v2\/pages"}],"about":[{"href":"https:\/\/fruvegaura.pe\/en\/wp-json\/wp\/v2\/types\/page"}],"author":[{"embeddable":true,"href":"https:\/\/fruvegaura.pe\/en\/wp-json\/wp\/v2\/users\/1"}],"replies":[{"embeddable":true,"href":"https:\/\/fruvegaura.pe\/en\/wp-json\/wp\/v2\/comments?post=16"}],"version-history":[{"count":4,"href":"https:\/\/fruvegaura.pe\/en\/wp-json\/wp\/v2\/pages\/16\/revisions"}],"predecessor-version":[{"id":630,"href":"https:\/\/fruvegaura.pe\/en\/wp-json\/wp\/v2\/pages\/16\/revisions\/630"}],"wp:attachment":[{"href":"https:\/\/fruvegaura.pe\/en\/wp-json\/wp\/v2\/media?parent=16"}],"curies":[{"name":"wp","href":"https:\/\/api.w.org\/{rel}","templated":true}]}}