{"id":79,"date":"2016-09-11T00:39:12","date_gmt":"2016-09-11T00:39:12","guid":{"rendered":"http:\/\/localhost\/wordpress\/?page_id=79"},"modified":"2016-10-27T04:33:58","modified_gmt":"2016-10-27T04:33:58","slug":"mision-vision","status":"publish","type":"page","link":"https:\/\/fruvegaura.pe\/en\/mision-vision\/","title":{"rendered":"Misi\u00f3n Visi\u00f3n"},"content":{"rendered":"<p><strong>Misi\u00f3n<\/strong><\/p>\n<ul>\n<li>Entregar vegetales y frutas frescas de alto valor agregado, a partir de operaciones agr\u00edcolas renovables, siendo responsables de la sostenibilidad en lo econ\u00f3mico, ambiental y social, por medio de profesionales altamente calificados y la elaboraci\u00f3n de productos de calidad para nuestros clientes nacionales e internacionales.<\/li>\n<\/ul>\n<p>&nbsp;<\/p>\n<p><strong>Visi\u00f3n<\/strong><\/p>\n<ul>\n<li>Mantener los m\u00e1s altos niveles de satisfacci\u00f3n en el mercado nacional e internacional siendo l\u00edderes y asegurando la lealtad del cliente y la recordaci\u00f3n de marca empresa con nuestra eficiencia y responsabilidad.<\/li>\n<li>Asegurar los mejores est\u00e1ndares de calidad y rendimientos como materia prima y productos terminados vegetales y frutas para nuestros clientes.<\/li>\n<\/ul>\n","protected":false},"excerpt":{"rendered":"<p>Misi\u00f3n Entregar vegetales y frutas frescas de alto valor agregado, a partir de operaciones agr\u00edcolas renovables, siendo responsables de la sostenibilidad en lo econ\u00f3mico, ambiental y social, por medio de profesionales altamente calificados y la elaboraci\u00f3n de productos de calidad para nuestros clientes nacionales e internacionales. &nbsp; Visi\u00f3n Mantener los m\u00e1s altos niveles de satisfacci\u00f3n <a class=\"read-more\" href=\"https:\/\/fruvegaura.pe\/en\/mision-vision\/\">Read More<\/a><\/p>\n","protected":false},"author":1,"featured_media":0,"parent":0,"menu_order":0,"comment_status":"closed","ping_status":"closed","template":"","meta":{"footnotes":""},"class_list":["post-79","page","type-page","status-publish","hentry"],"_links":{"self":[{"href":"https:\/\/fruvegaura.pe\/en\/wp-json\/wp\/v2\/pages\/79","targetHints":{"allow":["GET"]}}],"collection":[{"href":"https:\/\/fruvegaura.pe\/en\/wp-json\/wp\/v2\/pages"}],"about":[{"href":"https:\/\/fruvegaura.pe\/en\/wp-json\/wp\/v2\/types\/page"}],"author":[{"embeddable":true,"href":"https:\/\/fruvegaura.pe\/en\/wp-json\/wp\/v2\/users\/1"}],"replies":[{"embeddable":true,"href":"https:\/\/fruvegaura.pe\/en\/wp-json\/wp\/v2\/comments?post=79"}],"version-history":[{"count":1,"href":"https:\/\/fruvegaura.pe\/en\/wp-json\/wp\/v2\/pages\/79\/revisions"}],"predecessor-version":[{"id":446,"href":"https:\/\/fruvegaura.pe\/en\/wp-json\/wp\/v2\/pages\/79\/revisions\/446"}],"wp:attachment":[{"href":"https:\/\/fruvegaura.pe\/en\/wp-json\/wp\/v2\/media?parent=79"}],"curies":[{"name":"wp","href":"https:\/\/api.w.org\/{rel}","templated":true}]}}